{"id":3,"date":"2023-01-10T13:11:39","date_gmt":"2023-01-10T12:11:39","guid":{"rendered":"http:\/\/www.dicesurdice.fr\/?page_id=3"},"modified":"2025-05-02T11:41:58","modified_gmt":"2025-05-02T09:41:58","slug":"politique-de-confidentialite","status":"publish","type":"page","link":"https:\/\/www.dicesurdice.fr\/index.php\/politique-de-confidentialite\/","title":{"rendered":"Politique de confidentialit\u00e9"},"content":{"rendered":"\t\t<div data-elementor-type=\"wp-page\" data-elementor-id=\"3\" class=\"elementor elementor-3\">\n\t\t\t\t\t\t<section class=\"elementor-section elementor-top-section elementor-element elementor-element-4499bf91 elementor-section-boxed elementor-section-height-default elementor-section-height-default\" data-id=\"4499bf91\" data-element_type=\"section\" data-e-type=\"section\">\n\t\t\t\t\t\t<div class=\"elementor-container elementor-column-gap-default\">\n\t\t\t\t\t<div class=\"elementor-column elementor-col-100 elementor-top-column elementor-element elementor-element-56c8110b\" data-id=\"56c8110b\" data-element_type=\"column\" data-e-type=\"column\">\n\t\t\t<div class=\"elementor-widget-wrap elementor-element-populated\">\n\t\t\t\t\t\t<div class=\"elementor-element elementor-element-eed8769 elementor-widget elementor-widget-text-editor\" data-id=\"eed8769\" data-element_type=\"widget\" data-e-type=\"widget\" data-widget_type=\"text-editor.default\">\n\t\t\t\t<div class=\"elementor-widget-container\">\n\t\t\t\t\t\t\t\t\t<h2><span style=\"font-size: 16px; font-style: inherit; font-weight: inherit; background-color: var(--ast-global-color-5); font-family: -apple-system, BlinkMacSystemFont, 'Segoe UI', Roboto, Oxygen-Sans, Ubuntu, Cantarell, 'Helvetica Neue', sans-serif;\">L\u2019adresse de notre site est\u00a0: http:\/\/www.dicesurdice.fr.<\/span><\/h2>\n<p><!-- \/wp:paragraph --><!-- wp:heading --><\/p>\n<p>La navigation sur ce site est soumise aux pr\u00e9sentes conditions d&rsquo;utilisation. Les personnes qui acc\u00e8dent aux informations mises \u00e0 disposition par Euredice Dunoyer \/ SAS DICE SUR DICE sur son site Internet reconnaissent avoir pris connaissance des conditions d&rsquo;utilisation et les acceptent.<br \/>L&rsquo;\u00e9diteur Ce site est \u00e9dit\u00e9 par Eur\u00e9dice DUNOYER\/SAS DICE SUR DICE situ\u00e9e 52 rue d&rsquo;Emerainville \u00e0 CROISSY BEAUBOURG. Le Directeur de la Publication est moi m\u00eame.<\/p>\n<p>Toute repr\u00e9sentation et\/ou reproduction et\/ou exploitation partielle ou totale de ce site, par quelques proc\u00e9d\u00e9s que se soient, sans l&rsquo;autorisation expresse et pr\u00e9alable de Eur\u00e9dice DUNOYER\/SAS DICE SUR DICE est interdite et constituerait une contrefa\u00e7on au sens des articles L 335-2 et suivants du code de la propri\u00e9t\u00e9 intellectuelle.<br \/>L&rsquo;usage p\u00e9dagogique, la reproduction des textes de ce site sur un support papier est interdite.<\/p>\n<p>Le logo Dice sur Dice est une marque d\u00e9pos\u00e9e. Toute repr\u00e9sentation et\/ou reproduction et\/ou exploitation partielle ou totale de cette marque est donc prohib\u00e9e sans l&rsquo;accord pr\u00e9alable \u00e9crit de Eur\u00e9dice DUNOYER\/SAS DICE SUR DICE .<br \/>Les liens hypertextes mis en oeuvre au sein du site en direction d&rsquo;autres sites et\/ou de pages personnelles et d&rsquo;une mani\u00e8re g\u00e9n\u00e9rale vers toutes ressources existantes sur internet ne sauraient engager la responsabilit\u00e9 de Eur\u00e9dice DUNOYER\/SAS DICE SUR DICE.<\/p>\n<p>La capture d&rsquo;informations nominatives pour enrichir des bases de donn\u00e9es, par exemple \u00e0 des fins commerciales ou publicitaires, est interdite.<\/p>\n<h2>Clause pour les particuliers (usage strictement personnel)<\/h2>\n<p><span style=\"font-style: inherit; font-weight: inherit;\">Utilisation des contenus \u2013 Public Particulier<\/span><\/p>\n<p><span style=\"font-style: inherit; font-weight: inherit;\">Les contenus, informations, supports p\u00e9dagogiques et conseils d\u00e9livr\u00e9s lors des ateliers propos\u00e9s par Dice sur Dice sont destin\u00e9s \u00e0 un usage strictement personnel. Ils ne peuvent en aucun cas \u00eatre copi\u00e9s, reproduits, diffus\u00e9s, partag\u00e9s ou utilis\u00e9s \u00e0 des fins commerciales, professionnelles ou de formation, sans autorisation \u00e9crite pr\u00e9alable de la fondatrice.<\/span><\/p>\n<p>Toute utilisation d\u00e9tourn\u00e9e, notamment \u00e0 des fins de conseil, de vente ou d\u2019accompagnement professionnel, constitue une atteinte aux droits de propri\u00e9t\u00e9 intellectuelle et pourra faire l\u2019objet de poursuites.<\/p>\n<h2>Clause pour les entreprises (utilisation encadr\u00e9e)<\/h2>\n<p>Clause pour les entreprises et professionnels (utilisation encadr\u00e9e)<br \/>Utilisation des contenus \u2013 Public Professionnel \/ Entreprises<br \/>Les ateliers propos\u00e9s aux entreprises ou professionnels (Entreprises , boutiques de lingerie, coachs, esth\u00e9ticien\u00b7nes, etc.) font l\u2019objet d\u2019une offre distincte, avec des conditions tarifaires et contractuelles sp\u00e9cifiques.<br \/>Les contenus transmis dans ce cadre peuvent, sous r\u00e9serve d\u2019un accord \u00e9crit, \u00eatre utilis\u00e9s dans le cadre de l\u2019activit\u00e9 professionnelle du b\u00e9n\u00e9ficiaire, \u00e0 condition de ne pas \u00eatre reproduits, modifi\u00e9s ou redistribu\u00e9s \u00e0 des tiers sans autorisation pr\u00e9alable.<br \/>Toute reproduction ou usage non autoris\u00e9 des contenus des ateliers constitue une violation des droits de propri\u00e9t\u00e9 intellectuelle de Dice sur Dice.<\/p>\n<p>Exon\u00e9ration de la responsabilit\u00e9 du contenu du site : Les caract\u00e9ristiques techniques, descriptions, photographies et r\u00e9f\u00e9rences des produits contenues sur ce site sont sujettes \u00e0 modification sans pr\u00e9avis.<\/p>\n<p>Nous remercions les utilisateurs du site de nous faire part d\u2019\u00e9ventuelles omissions, erreurs ou corrections, en adressant un courriel via la page contact.<\/p>\n<p>\u00a0<\/p>\n<h2>Evolution du site :<\/h2>\n<p>Evolution du site:<br \/>Les \u00e9l\u00e9ments pr\u00e9sent\u00e9s dans ce site sont susceptibles de modification sans pr\u00e9avis et sont mis \u00e0 disposition sans aucune garantie, expresse ou implicite, d&rsquo;aucune sorte et ne peuvent donner lieu \u00e0 un quelconque droit \u00e0 d\u00e9dommagement.<\/p>\n<h2>Exon\u00e9ration de la responsabilit\u00e9du contenu des sites r\u00e9f\u00e9renc\u00e9s :<\/h2>\n<p><br \/>Les liens hypertextes mis en place dans le cadre du pr\u00e9sent site Internet en direction d&rsquo;autres ressources pr\u00e9sentes sur le r\u00e9seau Internet ne sont propos\u00e9s que pour des raisons de commodit\u00e9 et ni leur contenu ou les liens qu&rsquo;ils contiennent, ni les changements ou mises \u00e0 jour qui leur sont apport\u00e9s ne sauraient engager la responsabilit\u00e9 de la Eur\u00e9dice DUNOYER\/SAS DICE SUR DICE.<\/p>\n<p>Exon\u00e9ration de la responsabilit\u00e9 technique :<br \/>Eur\u00e9dice Dunoyer\/ SAS DICE SUR DICE d\u00e9cline toute responsabilit\u00e9 en cas de difficult\u00e9 d&rsquo;acc\u00e8s \u00e0 son site ou d&rsquo;interruptions dans la connexion quelles qu&rsquo;en soient les causes. De plus, elle ne saurait \u00eatre tenu responsable d&rsquo;un dommage ou virus qui pourrait infecter votre ordinateur ou tout mat\u00e9riel informatique, suite \u00e0 une utilisation ou acc\u00e8s au site ou t\u00e9l\u00e9chargement provenant de ce site. Collecte de donn\u00e9es personnelles et Cookies.<br \/>Nous vous rappelons que vous disposez d&rsquo;un droit d&rsquo;acc\u00e8s, de modification, de rectification et de suppression des donn\u00e9es qui vous concernent (art. 34 de la loi \u00ab\u00a0Informatique et libert\u00e9s\u00a0\u00bb du 6 janvier 1978). Pour exercer ce droit, adressez-vous \u00e0 Eur\u00e9dice DUNOYER via le formulaire de contact.<br \/>Nos serveurs ne sont pas configur\u00e9s pour collecter des informations personnelles sur les visiteurs du site en dehors des donn\u00e9es techniques suivantes : provenance des connexions (fournisseur d&rsquo;acc\u00e8s), adresse IP, type et version du navigateur utilis\u00e9. En aucun cas, nous ne collectons l&rsquo;adresse e-mail des visiteurs sans que ces derniers ne nous la communiquent d\u00e9lib\u00e9r\u00e9ment.<\/p>\n<p>Les donn\u00e9es de trafic et les fichiers de cookies que nous implantons sur votre ordinateur ont uniquement pour finalit\u00e9 de nous permettre d\u2019analyser la fr\u00e9quentation de nos pages d&rsquo;information afin d&rsquo;en am\u00e9liorer le contenu. Les donn\u00e9es relatives \u00e0 la navigation des visiteurs ne sont pas exploit\u00e9es nominativement. Il s&rsquo;agit de statistiques agr\u00e9g\u00e9es permettant de conna\u00eetre les pages les plus et les moins populaires, les chemins pr\u00e9f\u00e9r\u00e9s, les niveaux d&rsquo;activit\u00e9 par jour de la semaine et par heure de la journ\u00e9e, les principales erreurs clients ou serveur.<\/p>\n<p>Nous vous rappelons que vous disposez, dans votre logiciel de navigation, de la possibilit\u00e9 de bloquer l&rsquo;implantation de cookies sur votre ordinateur. Propri\u00e9t\u00e9 intellectuelle et droit de reproduction :<br \/>L&rsquo;ensemble de ce site rel\u00e8ve de la l\u00e9gislation fran\u00e7aise et internationale sur le droit d&rsquo;auteur et la propri\u00e9t\u00e9 intellectuelle. Tous les droits de reproduction sont r\u00e9serv\u00e9s, y compris pour les documents t\u00e9l\u00e9chargeables et les repr\u00e9sentations iconographiques et photographiques.<\/p>\n<h2>\u00a0<\/h2>\n<h2>Commentaires<\/h2>\n<p><!-- \/wp:heading --><!-- wp:paragraph --><\/p>\n<p>Quand vous laissez un commentaire sur notre site, les donn\u00e9es inscrites dans le formulaire de commentaire, ainsi que votre adresse IP et l\u2019agent utilisateur de votre navigateur sont collect\u00e9s pour nous aider \u00e0 la d\u00e9tection des commentaires ind\u00e9sirables.<\/p>\n<p><!-- \/wp:paragraph --><!-- wp:paragraph --><\/p>\n<p>Une cha\u00eene anonymis\u00e9e cr\u00e9\u00e9e \u00e0 partir de votre adresse e-mail (\u00e9galement appel\u00e9e hash) peut \u00eatre envoy\u00e9e au service Gravatar pour v\u00e9rifier si vous utilisez ce dernier. Les clauses de confidentialit\u00e9 du service Gravatar sont disponibles ici\u00a0: https:\/\/automattic.com\/privacy\/. Apr\u00e8s validation de votre commentaire, votre photo de profil sera visible publiquement \u00e0 cot\u00e9 de votre commentaire.<\/p>\n<p><!-- \/wp:paragraph --><!-- wp:heading --><\/p>\n<h2>M\u00e9dias<\/h2>\n<p><!-- \/wp:heading --><!-- wp:paragraph --><\/p>\n<p>Si vous t\u00e9l\u00e9versez des images sur le site, nous vous conseillons d\u2019\u00e9viter de t\u00e9l\u00e9verser des images contenant des donn\u00e9es EXIF de coordonn\u00e9es GPS. Les personnes visitant votre site peuvent t\u00e9l\u00e9charger et extraire des donn\u00e9es de localisation depuis ces images.<\/p>\n<p><!-- \/wp:paragraph --><!-- wp:heading --><\/p>\n<h2>Cookies<\/h2>\n<p><!-- \/wp:heading --><!-- wp:paragraph --><\/p>\n<p><strong class=\"privacy-policy-tutorial\">\u00a0<\/strong>Si vous d\u00e9posez un commentaire sur notre site, il vous sera propos\u00e9 d\u2019enregistrer votre nom, adresse e-mail et site dans des cookies. C\u2019est uniquement pour votre confort afin de ne pas avoir \u00e0 saisir ces informations si vous d\u00e9posez un autre commentaire plus tard. Ces cookies expirent au bout d\u2019un an.<\/p>\n<p><!-- \/wp:paragraph --><!-- wp:paragraph --><\/p>\n<p>Si vous vous rendez sur la page de connexion, un cookie temporaire sera cr\u00e9\u00e9 afin de d\u00e9terminer si votre navigateur accepte les cookies. Il ne contient pas de donn\u00e9es personnelles et sera supprim\u00e9 automatiquement \u00e0 la fermeture de votre navigateur.<\/p>\n<p><!-- \/wp:paragraph --><!-- wp:paragraph --><\/p>\n<p>Lorsque vous vous connecterez, nous mettrons en place un certain nombre de cookies pour enregistrer vos informations de connexion et vos pr\u00e9f\u00e9rences d\u2019\u00e9cran. La dur\u00e9e de vie d\u2019un cookie de connexion est de deux jours, celle d\u2019un cookie d\u2019option d\u2019\u00e9cran est d\u2019un an. Si vous cochez \u00ab\u00a0Se souvenir de moi\u00a0\u00bb, votre cookie de connexion sera conserv\u00e9 pendant deux semaines. Si vous vous d\u00e9connectez de votre compte, le cookie de connexion sera effac\u00e9.<\/p>\n<p><!-- \/wp:paragraph --><!-- wp:paragraph --><\/p>\n<p>En modifiant ou en publiant une publication, un cookie suppl\u00e9mentaire sera enregistr\u00e9 dans votre navigateur. Ce cookie ne comprend aucune donn\u00e9e personnelle. Il indique simplement l\u2019ID de la publication que vous venez de modifier. Il expire au bout d\u2019un jour.<\/p>\n<p><!-- \/wp:paragraph --><!-- wp:heading --><\/p>\n<h2>Contenu embarqu\u00e9 depuis d\u2019autres sites<\/h2>\n<p><!-- \/wp:heading --><!-- wp:paragraph --><\/p>\n<p><strong class=\"privacy-policy-tutorial\">\u00a0<\/strong>Les articles de ce site peuvent inclure des contenus int\u00e9gr\u00e9s (par exemple des vid\u00e9os, images, articles\u2026). Le contenu int\u00e9gr\u00e9 depuis d\u2019autres sites se comporte de la m\u00eame mani\u00e8re que si le visiteur se rendait sur cet autre site.<\/p>\n<p><!-- \/wp:paragraph --><!-- wp:paragraph --><\/p>\n<p>Ces sites web pourraient collecter des donn\u00e9es sur vous, utiliser des cookies, embarquer des outils de suivis tiers, suivre vos interactions avec ces contenus embarqu\u00e9s si vous disposez d\u2019un compte connect\u00e9 sur leur site web.<\/p>\n<p><!-- \/wp:paragraph --><!-- wp:heading --><\/p>\n<h2>Utilisation et transmission de vos donn\u00e9es personnelles<\/h2>\n<p><!-- \/wp:heading --><!-- wp:paragraph --><\/p>\n<p>Si vous demandez une r\u00e9initialisation de votre mot de passe, votre adresse IP sera incluse dans l\u2019e-mail de r\u00e9initialisation.<\/p>\n<p><!-- \/wp:paragraph --><!-- wp:heading --><\/p>\n<h2>Dur\u00e9es de stockage de vos donn\u00e9es<\/h2>\n<p><!-- \/wp:heading --><!-- wp:paragraph --><\/p>\n<p><strong class=\"privacy-policy-tutorial\">\u00a0<\/strong>Si vous laissez un commentaire, le commentaire et ses m\u00e9tadonn\u00e9es sont conserv\u00e9s ind\u00e9finiment. Cela permet de reconna\u00eetre et approuver automatiquement les commentaires suivants au lieu de les laisser dans la file de mod\u00e9ration.<\/p>\n<p><!-- \/wp:paragraph --><!-- wp:paragraph --><\/p>\n<p>Pour les comptes qui s\u2019inscrivent sur notre site (le cas \u00e9ch\u00e9ant), nous stockons \u00e9galement les donn\u00e9es personnelles indiqu\u00e9es dans leur profil. Tous les comptes peuvent voir, modifier ou supprimer leurs informations personnelles \u00e0 tout moment (\u00e0 l\u2019exception de leur identifiant). Les gestionnaires du site peuvent aussi voir et modifier ces informations.<\/p>\n<p><!-- \/wp:paragraph --><!-- wp:heading --><\/p>\n<h2>Les droits que vous avez sur vos donn\u00e9es<\/h2>\n<p><!-- \/wp:heading --><!-- wp:paragraph --><\/p>\n<p>Si vous avez un compte ou si vous avez laiss\u00e9 des commentaires sur le site, vous pouvez demander \u00e0 recevoir un fichier contenant toutes les donn\u00e9es personnelles que nous poss\u00e9dons \u00e0 votre sujet, incluant celles que vous nous avez fournies. Vous pouvez \u00e9galement demander la suppression des donn\u00e9es personnelles vous concernant. Cela ne prend pas en compte les donn\u00e9es stock\u00e9es \u00e0 des fins administratives, l\u00e9gales ou pour des raisons de s\u00e9curit\u00e9.<\/p>\n<p><!-- \/wp:paragraph --><!-- wp:heading --><\/p>\n<h2>Transmission de vos donn\u00e9es personnelles<\/h2>\n<p><!-- \/wp:heading --><!-- wp:paragraph --><\/p>\n<p>Les commentaires des visiteurs peuvent \u00eatre v\u00e9rifi\u00e9s \u00e0 l\u2019aide d\u2019un service automatis\u00e9 de d\u00e9tection des commentaires ind\u00e9sirables.<\/p>\n<p>\u00a0<\/p>\n<p>Toute repr\u00e9sentation et\/ou reproduction et\/ou exploitation partielle ou totale de ce site, par quelques proc\u00e9d\u00e9s que se soient, sans l&rsquo;autorisation expresse et pr\u00e9alable de Eur\u00e9dice DUNOYER\/SAS DICE SUR DICE est interdite et constituerait une contrefa\u00e7on au sens des articles L 335-2 et suivants du code de la propri\u00e9t\u00e9 intellectuelle.<br \/>Par d\u00e9rogation aux dispositions pr\u00e9c\u00e9dentes et particuli\u00e8rement pour un usage p\u00e9dagogique, la reproduction des textes de ce site sur un support papier est autoris\u00e9e, sous r\u00e9serve du respect des trois conditions suivantes :<br \/>gratuit\u00e9 de la diffusion respect de l&rsquo;int\u00e9grit\u00e9 des documents reproduits : pas de modification ni alt\u00e9ration d&rsquo;aucune sorte, respect du droit d&rsquo;auteur citation claire et lisible de la source mentionnant imp\u00e9rativement l&rsquo;adresse internet du site<\/p>\n<p>Le logo DICE SUR DICE est une marque d\u00e9pos\u00e9e. Toute repr\u00e9sentation et\/ou reproduction et\/ou exploitation partielle ou totale de cette marque est donc prohib\u00e9e sans l&rsquo;accord pr\u00e9alable \u00e9crit de Eur\u00e9dice DUNOYER\/SAS DICE SUR DICE .<br \/>Les liens hypertextes mis en \u0153uvre au sein du site en direction d&rsquo;autres sites et\/ou de pages personnelles et d&rsquo;une mani\u00e8re g\u00e9n\u00e9rale vers toutes ressources existantes sur internet ne sauraient engager la responsabilit\u00e9 de Eur\u00e9dice DUNOYER\/SAS DICE SUR DICE.<\/p>\n<p>La capture d&rsquo;informations nominatives pour enrichir des bases de donn\u00e9es, par exemple \u00e0 des fins commerciales ou publicitaires, est interdite.<\/p>\n<p>Messagerie et envoi de courriels :<br \/>Les messages que vous faites parvenir par l&rsquo;interm\u00e9diaire de l&rsquo;Internet peuvent \u00eatre intercept\u00e9s sur le r\u00e9seau. Leur confidentialit\u00e9 ne peut pas \u00eatre int\u00e9gralement garantie. Aussi, prenez garde \u00e0 ne pas divulguer inutilement des informations personnelles ou sensibles dans vos courriels.<\/p>\n<p>Liens vers https:\/\/dicesurdice.fr<br \/>Vous avez la facult\u00e9, sans autorisation pr\u00e9alable, de faire, depuis un autre site, un lien vers https:\/\/dicesurdicer.fr ,toutefois, Eur\u00e9dice DUNOYER\/\/SAS DICE SUR DICE r\u00e9cuse l&rsquo;utilisation de \u00ab\u00a0frames\u00a0\u00bb qui laissent supposer aux internautes qu&rsquo;ils consultent un autre site que https\/\/euredice-dunoyer.fr<\/p>\n<p>Eur\u00e9dice DUNOYER\/SAS DICE SUR DICE 52 rue d&rsquo;Emerainville .77183 Croissy Beaubourg. Tel : +33 6 22 53 46 59<br \/>SIRET 845 250 687 00017. N\u00b0TVA FR 92 845 250 687<\/p>\n<p>\u00a0<\/p>\n<p><!-- \/wp:paragraph --><\/p>\t\t\t\t\t\t\t\t<\/div>\n\t\t\t\t<\/div>\n\t\t\t\t\t<\/div>\n\t\t<\/div>\n\t\t\t\t\t<\/div>\n\t\t<\/section>\n\t\t\t\t<\/div>\n\t\t","protected":false},"excerpt":{"rendered":"<p>L\u2019adresse de notre site est\u00a0: http:\/\/www.dicesurdice.fr. La navigation sur ce site est soumise aux pr\u00e9sentes conditions d&rsquo;utilisation. Les personnes qui acc\u00e8dent aux informations mises \u00e0 disposition par Euredice Dunoyer \/ SAS DICE SUR DICE sur son site Internet reconnaissent avoir pris connaissance des conditions d&rsquo;utilisation et les acceptent.L&rsquo;\u00e9diteur Ce site est \u00e9dit\u00e9 par Eur\u00e9dice DUNOYER\/SAS [&hellip;]<\/p>\n","protected":false},"author":1,"featured_media":0,"parent":0,"menu_order":17,"comment_status":"closed","ping_status":"closed","template":"","meta":{"site-sidebar-layout":"default","site-content-layout":"","ast-site-content-layout":"default","site-content-style":"default","site-sidebar-style":"default","ast-global-header-display":"","ast-banner-title-visibility":"","ast-main-header-display":"","ast-hfb-above-header-display":"","ast-hfb-below-header-display":"","ast-hfb-mobile-header-display":"","site-post-title":"","ast-breadcrumbs-content":"","ast-featured-img":"","footer-sml-layout":"","ast-disable-related-posts":"","theme-transparent-header-meta":"","adv-header-id-meta":"","stick-header-meta":"","header-above-stick-meta":"","header-main-stick-meta":"","header-below-stick-meta":"","astra-migrate-meta-layouts":"default","ast-page-background-enabled":"default","ast-page-background-meta":{"desktop":{"background-color":"var(--ast-global-color-4)","background-image":"","background-repeat":"repeat","background-position":"center center","background-size":"auto","background-attachment":"scroll","background-type":"","background-media":"","overlay-type":"","overlay-color":"","overlay-opacity":"","overlay-gradient":""},"tablet":{"background-color":"","background-image":"","background-repeat":"repeat","background-position":"center center","background-size":"auto","background-attachment":"scroll","background-type":"","background-media":"","overlay-type":"","overlay-color":"","overlay-opacity":"","overlay-gradient":""},"mobile":{"background-color":"","background-image":"","background-repeat":"repeat","background-position":"center center","background-size":"auto","background-attachment":"scroll","background-type":"","background-media":"","overlay-type":"","overlay-color":"","overlay-opacity":"","overlay-gradient":""}},"ast-content-background-meta":{"desktop":{"background-color":"var(--ast-global-color-5)","background-image":"","background-repeat":"repeat","background-position":"center center","background-size":"auto","background-attachment":"scroll","background-type":"","background-media":"","overlay-type":"","overlay-color":"","overlay-opacity":"","overlay-gradient":""},"tablet":{"background-color":"var(--ast-global-color-5)","background-image":"","background-repeat":"repeat","background-position":"center center","background-size":"auto","background-attachment":"scroll","background-type":"","background-media":"","overlay-type":"","overlay-color":"","overlay-opacity":"","overlay-gradient":""},"mobile":{"background-color":"var(--ast-global-color-5)","background-image":"","background-repeat":"repeat","background-position":"center center","background-size":"auto","background-attachment":"scroll","background-type":"","background-media":"","overlay-type":"","overlay-color":"","overlay-opacity":"","overlay-gradient":""}},"footnotes":""},"class_list":["post-3","page","type-page","status-publish","hentry"],"jetpack_sharing_enabled":true,"_links":{"self":[{"href":"https:\/\/www.dicesurdice.fr\/index.php\/wp-json\/wp\/v2\/pages\/3","targetHints":{"allow":["GET"]}}],"collection":[{"href":"https:\/\/www.dicesurdice.fr\/index.php\/wp-json\/wp\/v2\/pages"}],"about":[{"href":"https:\/\/www.dicesurdice.fr\/index.php\/wp-json\/wp\/v2\/types\/page"}],"author":[{"embeddable":true,"href":"https:\/\/www.dicesurdice.fr\/index.php\/wp-json\/wp\/v2\/users\/1"}],"replies":[{"embeddable":true,"href":"https:\/\/www.dicesurdice.fr\/index.php\/wp-json\/wp\/v2\/comments?post=3"}],"version-history":[{"count":33,"href":"https:\/\/www.dicesurdice.fr\/index.php\/wp-json\/wp\/v2\/pages\/3\/revisions"}],"predecessor-version":[{"id":14832,"href":"https:\/\/www.dicesurdice.fr\/index.php\/wp-json\/wp\/v2\/pages\/3\/revisions\/14832"}],"wp:attachment":[{"href":"https:\/\/www.dicesurdice.fr\/index.php\/wp-json\/wp\/v2\/media?parent=3"}],"curies":[{"name":"wp","href":"https:\/\/api.w.org\/{rel}","templated":true}]}}